{"id":1367,"date":"2021-11-03T12:41:07","date_gmt":"2021-11-03T11:41:07","guid":{"rendered":"https:\/\/www.alpaka-innovation.de\/impressum\/"},"modified":"2024-06-11T10:30:14","modified_gmt":"2024-06-11T08:30:14","slug":"imprint","status":"publish","type":"page","link":"https:\/\/www.alpaka-innovation.de\/en\/imprint\/","title":{"rendered":"Imprint"},"content":{"rendered":"\n<style type=\"text\/css\" data-created_by=\"avia_inline_auto\" id=\"style-css-av-1ayu16-ab85462bb0564e4058e77c488e56c051\">\n.avia-section.av-1ayu16-ab85462bb0564e4058e77c488e56c051 .av-parallax .av-parallax-inner{\nbackground-color:#e40039;\nbackground-image:url(https:\/\/www.alpaka-innovation.de\/wp-content\/uploads\/2021\/09\/Hahner-Technik-Hintergrundmuster-Kreise-Alpaka.jpg);\nbackground-repeat:no-repeat;\nbackground-position:100% 50%;\nbackground-attachment:scroll;\n}\n<\/style>\n<div id='av_section_1'  class='avia-section av-1ayu16-ab85462bb0564e4058e77c488e56c051 main_color avia-section-huge avia-no-border-styling  avia-builder-el-0  el_before_av_section  avia-builder-el-first  avia-full-stretch av-parallax-section avia-bg-style-parallax av-minimum-height av-minimum-height-50 av-height-50  container_wrap fullsize'  data-section-bg-repeat='stretch' data-av_minimum_height_pc='50' data-av_min_height_opt='50'><div class='av-parallax' data-avia-parallax-ratio='0.3' ><div class='av-parallax-inner main_color avia-full-stretch'><\/div><\/div><div class='container av-section-cont-open' ><main  role=\"main\" itemprop=\"mainContentOfPage\"  class='template-page content  av-content-full alpha units'><div class='post-entry post-entry-type-page post-entry-1367'><div class='entry-content-wrapper clearfix'>\n\n<style type=\"text\/css\" data-created_by=\"avia_inline_auto\" id=\"style-css-av-3my62-45cf91346eb41508668cfcb15b80f613\">\n#top .hr.hr-invisible.av-3my62-45cf91346eb41508668cfcb15b80f613{\nheight:80px;\n}\n<\/style>\n<div  class='hr av-3my62-45cf91346eb41508668cfcb15b80f613 hr-invisible  avia-builder-el-1  el_before_av_one_full  avia-builder-el-first  av-desktop-hide av-medium-hide av-small-hide av-mini-hide'><span class='hr-inner '><span class=\"hr-inner-style\"><\/span><\/span><\/div>\n\n<style type=\"text\/css\" data-created_by=\"avia_inline_auto\" id=\"style-css-av-yjso2-488a75d0846b6b95dd70bc9568d1cfc4\">\n.flex_column.av-yjso2-488a75d0846b6b95dd70bc9568d1cfc4{\nborder-radius:0px 0px 0px 0px;\npadding:0px 0px 0px 0px;\n}\n<\/style>\n<div  class='flex_column av-yjso2-488a75d0846b6b95dd70bc9568d1cfc4 av_one_full  avia-builder-el-2  el_after_av_hr  el_before_av_hr  first flex_column_div av-zero-column-padding  '     ><style type=\"text\/css\" data-created_by=\"avia_inline_auto\" id=\"style-css-av-kvjg7hfc-5ecd1df41d64389067eedb81ab9b7eeb\">\n#top .av-special-heading.av-kvjg7hfc-5ecd1df41d64389067eedb81ab9b7eeb{\npadding-bottom:10px;\ncolor:#ffffff;\n}\nbody .av-special-heading.av-kvjg7hfc-5ecd1df41d64389067eedb81ab9b7eeb .av-special-heading-tag .heading-char{\nfont-size:25px;\n}\n.av-special-heading.av-kvjg7hfc-5ecd1df41d64389067eedb81ab9b7eeb .special-heading-inner-border{\nborder-color:#ffffff;\n}\n.av-special-heading.av-kvjg7hfc-5ecd1df41d64389067eedb81ab9b7eeb .av-subheading{\nfont-size:15px;\n}\nbody .av-special-heading.av-kvjg7hfc-5ecd1df41d64389067eedb81ab9b7eeb .av-special-heading-tag .heading-wrap:before{\nborder-color:#ffffff;\n}\nbody .av-special-heading.av-kvjg7hfc-5ecd1df41d64389067eedb81ab9b7eeb .av-special-heading-tag .heading-wrap:after{\nborder-color:#ffffff;\n}\n<\/style>\n<div  class='av-special-heading av-kvjg7hfc-5ecd1df41d64389067eedb81ab9b7eeb av-special-heading-h1 custom-color-heading blockquote modern-quote  avia-builder-el-3  avia-builder-el-no-sibling  ht__slider-hl ht__slider-unterseite-hl'><h1 class='av-special-heading-tag '  itemprop=\"headline\"  >Imprint<\/h1><div class=\"special-heading-border\"><div class=\"special-heading-inner-border\"><\/div><\/div><\/div><\/div>\n<style type=\"text\/css\" data-created_by=\"avia_inline_auto\" id=\"style-css-av-qyh5u-3a9a3b992c9dd5600d5ff599d0185cdc\">\n#top .hr.hr-invisible.av-qyh5u-3a9a3b992c9dd5600d5ff599d0185cdc{\nheight:40px;\n}\n<\/style>\n<div  class='hr av-qyh5u-3a9a3b992c9dd5600d5ff599d0185cdc hr-invisible  avia-builder-el-4  el_after_av_one_full  avia-builder-el-last  av-desktop-hide av-medium-hide av-small-hide av-mini-hide'><span class='hr-inner '><span class=\"hr-inner-style\"><\/span><\/span><\/div>\n\n<\/div><\/div><\/main><!-- close content main element --><\/div><\/div><div id='av_section_2'  class='avia-section av-kvjg8geu-d0a66301cbf82094b089699bd3af40d6 main_color avia-section-huge avia-no-border-styling  avia-builder-el-5  el_after_av_section  avia-builder-el-last  avia-bg-style-scroll container_wrap fullsize'  ><div class='container av-section-cont-open' ><div class='template-page content  av-content-full alpha units'><div class='post-entry post-entry-type-page post-entry-1367'><div class='entry-content-wrapper clearfix'>\n<div class='flex_column_table av-m2z9e-7225f2215f03df28aefab1029b9c0ee7 sc-av_one_fifth av-equal-height-column-flextable'>\n<style type=\"text\/css\" data-created_by=\"avia_inline_auto\" id=\"style-css-av-m2z9e-7225f2215f03df28aefab1029b9c0ee7\">\n.flex_column.av-m2z9e-7225f2215f03df28aefab1029b9c0ee7{\nborder-radius:0px 0px 0px 0px;\npadding:0px 0px 0px 0px;\n}\n<\/style>\n<div  class='flex_column av-m2z9e-7225f2215f03df28aefab1029b9c0ee7 av_one_fifth  avia-builder-el-6  el_before_av_three_fifth  avia-builder-el-first  first flex_column_table_cell av-equal-height-column av-align-middle av-zero-column-padding  '     ><\/div><div class='av-flex-placeholder'><\/div>\n<style type=\"text\/css\" data-created_by=\"avia_inline_auto\" id=\"style-css-av-dsqdm-e0fc0ac7fc00d8e526d1b2892f359ec5\">\n.flex_column.av-dsqdm-e0fc0ac7fc00d8e526d1b2892f359ec5{\nborder-radius:0px 0px 0px 0px;\npadding:0px 0px 0px 0px;\n}\n<\/style>\n<div  class='flex_column av-dsqdm-e0fc0ac7fc00d8e526d1b2892f359ec5 av_three_fifth  avia-builder-el-7  el_after_av_one_fifth  el_before_av_one_fifth  flex_column_table_cell av-equal-height-column av-align-middle av-zero-column-padding  '     ><section  class='av_textblock_section av-kvjg7xwt-57772ddfd70a14280b2e9028fd053d1d '   itemscope=\"itemscope\" itemtype=\"https:\/\/schema.org\/CreativeWork\" ><div class='avia_textblock'  itemprop=\"text\" ><h2>Information according to \u00a7 5 DSA<\/h2>\n<p><strong>ALPAKA GmbH &amp; Co. KG<\/strong><\/p>\n<p>Gerhardsweg 5<br \/>\n36100 Petersberg-B\u00f6ckels<\/p>\n<p>Phnoe: +49 (0) 661 9652 300<br \/>\nFax: +49 (0) 661 9652 301<br \/>\nE-Mail:\u00a0\u00a0<u>info@alpaka-innovation.de<\/u><\/p>\n<p><strong>Personally liable shareholder:<\/strong><br \/>\nALPAKA Verwaltungs GmbH<\/p>\n<p><strong>Authorized representative managing director:<\/strong><br \/>\nDipl.-Ing. (FH) Bernhard Hahner<br \/>\n<strong>Location of Company:<\/strong><br \/>\n36100 Petersberg-B\u00f6ckels<\/p>\n<p><strong>Register court:<\/strong><br \/>\nRegistergericht: Amtsgericht Fulda<br \/>\nRegisternummer: HRA 6323<\/p>\n<p><strong>Sales tax identification number<\/strong><br \/>\naccording \u00a7 27 a Value Added Tax Act:<br \/>\nDE 337494145<\/p>\n<p><strong>Web-Design:<\/strong><br \/>\nFACHWERK 5 \u2013 Studio f\u00fcr Kommunikationsdesign<br \/>\n36093 Fulda\/K\u00fcnzell<br \/>\n<a href=\"http:\/\/www.fachwerk5.de\">www.fachwerk5.de<\/a><\/p>\n<h2><\/h2>\n<h2>Disclaimer<\/h2>\n<h3>1. content of the online offer<\/h3>\n<p>The author assumes no liability for the topicality, correctness, completeness or quality of the information provided. Liability claims against the author, which refer to material or immaterial nature caused by use or disuse of the information or the use of incorrect and incomplete information are excluded, unless the author is not intentional or grossly negligent fault.<br \/>\nAll offers are subject to change and non-binding. The author expressly reserves the right to change, supplement or delete parts of the pages or the entire offer without prior notice or to discontinue the publication temporarily or permanently.<\/p>\n<h3>2. References and links<\/h3>\n<p>The author is not responsible for any contents linked or referred to from his pages &#8211; unless he has full knowledge of illegal contents and would be able to prevent the visitors of his site fromviewing those pages.<br \/>\nThe author hereby expressly declares that at the time the links were created, no illegal content was identifiable on the linked pages. The author has no influence on the current and future design, content or authorship of the linked pages. Therefore, he hereby expressly dissociates himself from all contents of all linked pages that were changed after the link was set. This statement applies to all links and references set within the author&#8217;s own website as well as to entries made by third parties in guest books, discussion forums, link directories, mailing lists and all other forms of databases set up by the author to which external write access is possible. For illegal, incorrect or incomplete contents and especially for damages resulting from the use or non-use of such information, only the provider of the linked page is liable, not the one who has linked to the respective publication.<\/p>\n<\/div><\/section><br \/>\n<section  class='av_textblock_section av-kvwbxggx-50d8f62ee3f6d3759b114ac0a1d1b8fb '   itemscope=\"itemscope\" itemtype=\"https:\/\/schema.org\/CreativeWork\" ><div class='avia_textblock'  itemprop=\"text\" ><h3>Image credits<\/h3>\n<p>MayaCom\/istockphoto.com<\/p>\n<\/div><\/section><\/p><\/div><div class='av-flex-placeholder'><\/div>\n<style type=\"text\/css\" data-created_by=\"avia_inline_auto\" id=\"style-css-av-7manu-6504295355bee8465b54a425de969285\">\n.flex_column.av-7manu-6504295355bee8465b54a425de969285{\nborder-radius:0px 0px 0px 0px;\npadding:0px 0px 0px 0px;\n}\n<\/style>\n<div  class='flex_column av-7manu-6504295355bee8465b54a425de969285 av_one_fifth  avia-builder-el-10  el_after_av_three_fifth  avia-builder-el-last  flex_column_table_cell av-equal-height-column av-align-middle av-zero-column-padding  '     ><\/div><\/div><!--close column table wrapper. Autoclose: 1 -->\n","protected":false},"excerpt":{"rendered":"","protected":false},"author":3,"featured_media":0,"parent":0,"menu_order":0,"comment_status":"closed","ping_status":"closed","template":"","meta":{"inline_featured_image":false,"footnotes":""},"class_list":["post-1367","page","type-page","status-publish","hentry"],"yoast_head":"<!-- This site is optimized with the Yoast SEO plugin v27.2 - https:\/\/yoast.com\/product\/yoast-seo-wordpress\/ -->\n<title>Impressum &amp; Haftung | Alpaka Innovation<\/title>\n<meta name=\"description\" content=\"Alpaka Innovation hat seinen Sitz in Petersberg\/B\u00f6ckels und wurde 2021 als eigenst\u00e4ndige Forschungsabteilung von HAHNER Technik gegr\u00fcndet.\" \/>\n<meta name=\"robots\" content=\"index, follow, max-snippet:-1, max-image-preview:large, max-video-preview:-1\" \/>\n<link rel=\"canonical\" href=\"https:\/\/www.alpaka-innovation.de\/en\/imprint\/\" \/>\n<meta property=\"og:locale\" content=\"en_US\" \/>\n<meta property=\"og:type\" content=\"article\" \/>\n<meta property=\"og:title\" content=\"Impressum &amp; Haftung | Alpaka Innovation\" \/>\n<meta property=\"og:description\" content=\"Alpaka Innovation hat seinen Sitz in Petersberg\/B\u00f6ckels und wurde 2021 als eigenst\u00e4ndige Forschungsabteilung von HAHNER Technik gegr\u00fcndet.\" \/>\n<meta property=\"og:url\" content=\"https:\/\/www.alpaka-innovation.de\/en\/imprint\/\" \/>\n<meta property=\"og:site_name\" content=\"Alpaka Innovation\" \/>\n<meta property=\"article:modified_time\" content=\"2024-06-11T08:30:14+00:00\" \/>\n<meta name=\"twitter:card\" content=\"summary_large_image\" \/>\n<meta name=\"twitter:label1\" content=\"Est. reading time\" \/>\n\t<meta name=\"twitter:data1\" content=\"11 minutes\" \/>\n<script type=\"application\/ld+json\" class=\"yoast-schema-graph\">{\"@context\":\"https:\/\/schema.org\",\"@graph\":[{\"@type\":\"WebPage\",\"@id\":\"https:\/\/www.alpaka-innovation.de\/en\/imprint\/\",\"url\":\"https:\/\/www.alpaka-innovation.de\/en\/imprint\/\",\"name\":\"Impressum & Haftung | Alpaka Innovation\",\"isPartOf\":{\"@id\":\"https:\/\/www.alpaka-innovation.de\/en\/#website\"},\"datePublished\":\"2021-11-03T11:41:07+00:00\",\"dateModified\":\"2024-06-11T08:30:14+00:00\",\"description\":\"Alpaka Innovation hat seinen Sitz in Petersberg\/B\u00f6ckels und wurde 2021 als eigenst\u00e4ndige Forschungsabteilung von HAHNER Technik gegr\u00fcndet.\",\"breadcrumb\":{\"@id\":\"https:\/\/www.alpaka-innovation.de\/en\/imprint\/#breadcrumb\"},\"inLanguage\":\"en-US\",\"potentialAction\":[{\"@type\":\"ReadAction\",\"target\":[\"https:\/\/www.alpaka-innovation.de\/en\/imprint\/\"]}]},{\"@type\":\"BreadcrumbList\",\"@id\":\"https:\/\/www.alpaka-innovation.de\/en\/imprint\/#breadcrumb\",\"itemListElement\":[{\"@type\":\"ListItem\",\"position\":1,\"name\":\"Startseite\",\"item\":\"https:\/\/www.alpaka-innovation.de\/en\/home\/\"},{\"@type\":\"ListItem\",\"position\":2,\"name\":\"Imprint\"}]},{\"@type\":\"WebSite\",\"@id\":\"https:\/\/www.alpaka-innovation.de\/en\/#website\",\"url\":\"https:\/\/www.alpaka-innovation.de\/en\/\",\"name\":\"ALPAKA Innovation\",\"description\":\"Die Produkte von morgen gestalten\",\"publisher\":{\"@id\":\"https:\/\/www.alpaka-innovation.de\/en\/#organization\"},\"alternateName\":\"ALPAKA GmbH & Co. KG\",\"potentialAction\":[{\"@type\":\"SearchAction\",\"target\":{\"@type\":\"EntryPoint\",\"urlTemplate\":\"https:\/\/www.alpaka-innovation.de\/en\/?s={search_term_string}\"},\"query-input\":{\"@type\":\"PropertyValueSpecification\",\"valueRequired\":true,\"valueName\":\"search_term_string\"}}],\"inLanguage\":\"en-US\"},{\"@type\":\"Organization\",\"@id\":\"https:\/\/www.alpaka-innovation.de\/en\/#organization\",\"name\":\"Alpaka Innovation\",\"url\":\"https:\/\/www.alpaka-innovation.de\/en\/\",\"logo\":{\"@type\":\"ImageObject\",\"inLanguage\":\"en-US\",\"@id\":\"https:\/\/www.alpaka-innovation.de\/en\/#\/schema\/logo\/image\/\",\"url\":\"https:\/\/www.alpaka-innovation.de\/wp-content\/uploads\/2021\/11\/Logo-Farbe-Social-Media-Alpaka-Innovation-Hahner-Technik.jpg\",\"contentUrl\":\"https:\/\/www.alpaka-innovation.de\/wp-content\/uploads\/2021\/11\/Logo-Farbe-Social-Media-Alpaka-Innovation-Hahner-Technik.jpg\",\"width\":1200,\"height\":670,\"caption\":\"Alpaka Innovation\"},\"image\":{\"@id\":\"https:\/\/www.alpaka-innovation.de\/en\/#\/schema\/logo\/image\/\"}}]}<\/script>\n<!-- \/ Yoast SEO plugin. -->","yoast_head_json":{"title":"Impressum & Haftung | Alpaka Innovation","description":"Alpaka Innovation hat seinen Sitz in Petersberg\/B\u00f6ckels und wurde 2021 als eigenst\u00e4ndige Forschungsabteilung von HAHNER Technik gegr\u00fcndet.","robots":{"index":"index","follow":"follow","max-snippet":"max-snippet:-1","max-image-preview":"max-image-preview:large","max-video-preview":"max-video-preview:-1"},"canonical":"https:\/\/www.alpaka-innovation.de\/en\/imprint\/","og_locale":"en_US","og_type":"article","og_title":"Impressum & Haftung | Alpaka Innovation","og_description":"Alpaka Innovation hat seinen Sitz in Petersberg\/B\u00f6ckels und wurde 2021 als eigenst\u00e4ndige Forschungsabteilung von HAHNER Technik gegr\u00fcndet.","og_url":"https:\/\/www.alpaka-innovation.de\/en\/imprint\/","og_site_name":"Alpaka Innovation","article_modified_time":"2024-06-11T08:30:14+00:00","twitter_card":"summary_large_image","twitter_misc":{"Est. reading time":"11 minutes"},"schema":{"@context":"https:\/\/schema.org","@graph":[{"@type":"WebPage","@id":"https:\/\/www.alpaka-innovation.de\/en\/imprint\/","url":"https:\/\/www.alpaka-innovation.de\/en\/imprint\/","name":"Impressum & Haftung | Alpaka Innovation","isPartOf":{"@id":"https:\/\/www.alpaka-innovation.de\/en\/#website"},"datePublished":"2021-11-03T11:41:07+00:00","dateModified":"2024-06-11T08:30:14+00:00","description":"Alpaka Innovation hat seinen Sitz in Petersberg\/B\u00f6ckels und wurde 2021 als eigenst\u00e4ndige Forschungsabteilung von HAHNER Technik gegr\u00fcndet.","breadcrumb":{"@id":"https:\/\/www.alpaka-innovation.de\/en\/imprint\/#breadcrumb"},"inLanguage":"en-US","potentialAction":[{"@type":"ReadAction","target":["https:\/\/www.alpaka-innovation.de\/en\/imprint\/"]}]},{"@type":"BreadcrumbList","@id":"https:\/\/www.alpaka-innovation.de\/en\/imprint\/#breadcrumb","itemListElement":[{"@type":"ListItem","position":1,"name":"Startseite","item":"https:\/\/www.alpaka-innovation.de\/en\/home\/"},{"@type":"ListItem","position":2,"name":"Imprint"}]},{"@type":"WebSite","@id":"https:\/\/www.alpaka-innovation.de\/en\/#website","url":"https:\/\/www.alpaka-innovation.de\/en\/","name":"ALPAKA Innovation","description":"Die Produkte von morgen gestalten","publisher":{"@id":"https:\/\/www.alpaka-innovation.de\/en\/#organization"},"alternateName":"ALPAKA GmbH & Co. KG","potentialAction":[{"@type":"SearchAction","target":{"@type":"EntryPoint","urlTemplate":"https:\/\/www.alpaka-innovation.de\/en\/?s={search_term_string}"},"query-input":{"@type":"PropertyValueSpecification","valueRequired":true,"valueName":"search_term_string"}}],"inLanguage":"en-US"},{"@type":"Organization","@id":"https:\/\/www.alpaka-innovation.de\/en\/#organization","name":"Alpaka Innovation","url":"https:\/\/www.alpaka-innovation.de\/en\/","logo":{"@type":"ImageObject","inLanguage":"en-US","@id":"https:\/\/www.alpaka-innovation.de\/en\/#\/schema\/logo\/image\/","url":"https:\/\/www.alpaka-innovation.de\/wp-content\/uploads\/2021\/11\/Logo-Farbe-Social-Media-Alpaka-Innovation-Hahner-Technik.jpg","contentUrl":"https:\/\/www.alpaka-innovation.de\/wp-content\/uploads\/2021\/11\/Logo-Farbe-Social-Media-Alpaka-Innovation-Hahner-Technik.jpg","width":1200,"height":670,"caption":"Alpaka Innovation"},"image":{"@id":"https:\/\/www.alpaka-innovation.de\/en\/#\/schema\/logo\/image\/"}}]}},"_links":{"self":[{"href":"https:\/\/www.alpaka-innovation.de\/en\/wp-json\/wp\/v2\/pages\/1367","targetHints":{"allow":["GET"]}}],"collection":[{"href":"https:\/\/www.alpaka-innovation.de\/en\/wp-json\/wp\/v2\/pages"}],"about":[{"href":"https:\/\/www.alpaka-innovation.de\/en\/wp-json\/wp\/v2\/types\/page"}],"author":[{"embeddable":true,"href":"https:\/\/www.alpaka-innovation.de\/en\/wp-json\/wp\/v2\/users\/3"}],"replies":[{"embeddable":true,"href":"https:\/\/www.alpaka-innovation.de\/en\/wp-json\/wp\/v2\/comments?post=1367"}],"version-history":[{"count":5,"href":"https:\/\/www.alpaka-innovation.de\/en\/wp-json\/wp\/v2\/pages\/1367\/revisions"}],"predecessor-version":[{"id":3067,"href":"https:\/\/www.alpaka-innovation.de\/en\/wp-json\/wp\/v2\/pages\/1367\/revisions\/3067"}],"wp:attachment":[{"href":"https:\/\/www.alpaka-innovation.de\/en\/wp-json\/wp\/v2\/media?parent=1367"}],"curies":[{"name":"wp","href":"https:\/\/api.w.org\/{rel}","templated":true}]}}